{"id":405,"date":"2020-09-24T13:23:29","date_gmt":"2020-09-24T13:23:29","guid":{"rendered":"https:\/\/quarty-demo.bslthemes.com-demo\/?page_id=66"},"modified":"2025-06-26T21:08:25","modified_gmt":"2025-06-26T21:08:25","slug":"about-us-classic","status":"publish","type":"page","link":"https:\/\/Etateam.net\/?page_id=405","title":{"rendered":"About Us Classic"},"content":{"rendered":"\t\t<div data-elementor-type=\"wp-page\" data-elementor-id=\"405\" class=\"elementor elementor-405\">\n\t\t\t\t\t\t<section class=\"elementor-section elementor-top-section elementor-element elementor-element-09fb1b8 elementor-section-full_width elementor-section-height-default elementor-section-height-default\" data-id=\"09fb1b8\" data-element_type=\"section\">\n\t\t\t\t\t\t<div class=\"elementor-container elementor-column-gap-no\">\n\t\t\t\t\t<div class=\"elementor-column elementor-col-100 elementor-top-column elementor-element elementor-element-a7ea650\" data-id=\"a7ea650\" data-element_type=\"column\">\n\t\t\t<div class=\"elementor-widget-wrap elementor-element-populated\">\n\t\t\t\t\t\t<div class=\"elementor-element elementor-element-0bf795e elementor-widget elementor-widget-quarty-banner\" data-id=\"0bf795e\" data-element_type=\"widget\" data-widget_type=\"quarty-banner.default\">\n\t\t\t\t<div class=\"elementor-widget-container\">\n\t\t\t\t\t\n\t\t<div class=\"row qrt-p-0-40\">\n          <div class=\"col-lg-12\">\n            <div class=\"qrt-page-cover\">\n                            <img decoding=\"async\" src=\"https:\/\/Etateam.net\/wp-content\/uploads\/2021\/03\/cover1.jpg\" alt=\"\" \/>\n                                          <div class=\"qrt-hint-frame\">\n                <div class=\"qrt-scroll-hint\">\n                  <span><\/span>\n                <\/div>\n              <\/div>\n          \t                              <div class=\"qrt-about-info\">\n                <div class=\"qrt-cover-info\">\n\t\t\t\t  <ul class=\"qrt-table\">\n\t\t\t\t\t                    <li>\n                      <h5 class=\"qrt-white\">\n                      \t<span >\n\t        \t\t\t\tB\u00f6lge\t        \t\t\t<\/span>\n                      <\/h5>\n                      <span >\n\t\t\t\t\t\tT\u00fcrkiye\t\t\t\t\t  <\/span>\n\t\t\t\t\t<\/li>\n                                        <li>\n                      <h5 class=\"qrt-white\">\n                      \t<span >\n\t        \t\t\t\t\u015eehir\t        \t\t\t<\/span>\n                      <\/h5>\n                      <span >\n\t\t\t\t\t\t\u0130stanbul\t\t\t\t\t  <\/span>\n\t\t\t\t\t<\/li>\n                                        <li>\n                      <h5 class=\"qrt-white\">\n                      \t<span >\n\t        \t\t\t\tKurulu\u015f\t        \t\t\t<\/span>\n                      <\/h5>\n                      <span >\n\t\t\t\t\t\tMay\u0131s, 2012\t\t\t\t\t  <\/span>\n\t\t\t\t\t<\/li>\n                    \t\t\t\t  <\/ul>\n                <\/div>\n              <\/div>\n         \t              <\/div>\n          <\/div>\n        <\/div>\n\n\t\t\t\t\t\t<\/div>\n\t\t\t\t<\/div>\n\t\t\t\t\t<\/div>\n\t\t<\/div>\n\t\t\t\t\t<\/div>\n\t\t<\/section>\n\t\t\t\t<section class=\"elementor-section elementor-top-section elementor-element elementor-element-b13de92 elementor-section-full_width elementor-section-height-default elementor-section-height-default\" data-id=\"b13de92\" data-element_type=\"section\">\n\t\t\t\t\t\t<div class=\"elementor-container elementor-column-gap-no\">\n\t\t\t\t\t<div class=\"elementor-column elementor-col-100 elementor-top-column elementor-element elementor-element-2a40d7b\" data-id=\"2a40d7b\" data-element_type=\"column\">\n\t\t\t<div class=\"elementor-widget-wrap elementor-element-populated\">\n\t\t\t\t\t\t<div class=\"elementor-element elementor-element-5831ef8 elementor-widget elementor-widget-quarty-about-us\" data-id=\"5831ef8\" data-element_type=\"widget\" data-widget_type=\"quarty-about-us.default\">\n\t\t\t\t<div class=\"elementor-widget-container\">\n\t\t\t\t\t\n\t\t<div class=\"qrt-section\">\n\t\t\t<div class=\"row\">\n\t          \t          <div class=\"col-lg-4\">\n\t            <h3 class=\"qrt-section-title\">\n\t            \t<span >\n\t          \t\t\tHakk\u0131m\u0131zda<br>\t         \t\t<\/span>\n\t            <\/h3>\n\t          <\/div>\n\t          \t          \t          <div class=\"col-lg-8 qrt-section-description\">\n\t            \t<div >\n\t          \t\t\t<p><strong>ETA<\/strong> Yap\u0131, \u00e7a\u011fda\u015f mimarl\u0131kla m\u00fchendisli\u011fi bulu\u015fturarak ya\u015fanabilir ve s\u00fcrd\u00fcr\u00fclebilir kentler in\u015fa etme vizyonuyla yola \u00e7\u0131kan bir yap\u0131 markas\u0131d\u0131r. \u0130stanbul merkezli faaliyetlerine 15 y\u0131l\u0131 a\u015fk\u0131n s\u00fcredir devam eden ETA Yap\u0131, konut, ticari alan ve kamu projelerinde geli\u015ftirdi\u011fi yenilik\u00e7i \u00e7\u00f6z\u00fcmlerle sekt\u00f6rde g\u00fcven ve kaliteyi temsil etmektedir.<\/p><p>Her projesinde yaln\u0131zca yap\u0131 de\u011fil, bir ya\u015fam alan\u0131 tasarlamay\u0131 hedefleyen <strong>ETA<\/strong> Yap\u0131; teknik uzmanl\u0131\u011f\u0131, g\u00fc\u00e7l\u00fc organizasyon kabiliyeti ve kullan\u0131c\u0131 odakl\u0131 yakla\u015f\u0131m\u0131yla, T\u00fcrkiye ve Kuzey K\u0131br\u0131s\u2019ta bir\u00e7ok ba\u015far\u0131l\u0131 projeye imza atm\u0131\u015ft\u0131r.<\/p><p>\u0130nsan ya\u015fam\u0131n\u0131 merkeze alan tasar\u0131m anlay\u0131\u015f\u0131m\u0131zla; estetik, i\u015flevsel ve s\u00fcrd\u00fcr\u00fclebilir yap\u0131lar \u00fcretiyor, kent siluetine de\u011fer katmay\u0131 \u00f6nemsiyoruz. G\u00fcvenilirlik, \u015feffafl\u0131k ve m\u00fchendislik disipliniyle \u015fekillenen \u00e7al\u0131\u015fma k\u00fclt\u00fcr\u00fcm\u00fcz sayesinde, m\u00fc\u015fterilerimiz ve i\u015f ortaklar\u0131m\u0131zla uzun vadeli ili\u015fkiler kuruyoruz.<\/p><p><strong>ETA<\/strong> Yap\u0131 olarak biz; gelece\u011fin yap\u0131lar\u0131n\u0131 bug\u00fcnden tasarlarken, sadece bug\u00fcn\u00fc de\u011fil yar\u0131n\u0131 da in\u015fa ediyoruz.<\/p>\t         \t\t<\/div>\n\t          <\/div>\n\t          \t        <\/div>\n\t    <\/div>\n\n\t\t\t\t\t\t<\/div>\n\t\t\t\t<\/div>\n\t\t\t\t\t<\/div>\n\t\t<\/div>\n\t\t\t\t\t<\/div>\n\t\t<\/section>\n\t\t\t\t<section class=\"elementor-section elementor-top-section elementor-element elementor-element-52f47f7 elementor-section-full_width elementor-section-height-default elementor-section-height-default\" data-id=\"52f47f7\" data-element_type=\"section\">\n\t\t\t\t\t\t<div class=\"elementor-container elementor-column-gap-no\">\n\t\t\t\t\t<div class=\"elementor-column elementor-col-100 elementor-top-column elementor-element elementor-element-81dec59\" data-id=\"81dec59\" data-element_type=\"column\">\n\t\t\t<div class=\"elementor-widget-wrap elementor-element-populated\">\n\t\t\t\t\t\t<div class=\"elementor-element elementor-element-0f97d3b elementor-widget elementor-widget-quarty-services\" data-id=\"0f97d3b\" data-element_type=\"widget\" data-widget_type=\"quarty-services.default\">\n\t\t\t\t<div class=\"elementor-widget-container\">\n\t\t\t\t\t\n\t\t<div class=\"qrt-section qrt-section-sf\">\n\t\t\t<div class=\"row\">\n\t\t\t                <div class=\"col-lg-12\">\n                <h3 class=\"qrt-mb-40 qrt-title-h\">\n                \t<span >\n\t\t          \t\tNeler yap\u0131yoruz?\t\t         \t<\/span>\n                <\/h3>\n              <\/div>\n              \n                                          <div class=\"col-lg-4 qrt-service-item\">\n                <div class=\"qrt-icon-box\">\n                                    <img decoding=\"async\" class=\"mb-20\" src=\"https:\/\/Etateam.net\/wp-content\/uploads\/2021\/03\/icon-1.png\" alt=\"\u0130n\u015faat\">\n                  \n                                    <h4 class=\"mb-20 qrt-service-title\">\n                  \t<span >\n\t\t        \t\t\u0130n\u015faat\t\t        \t<\/span>\n                  <\/h4>\n                  \n                                    <div class=\"qrt-service-desc\">\n                  \t<div >\n\t\t        \t\t<p>Konut, ticari ve kamu yap\u0131lar\u0131nda anahtar teslim \u00e7\u00f6z\u00fcmler sunuyoruz. Kalite, h\u0131z ve g\u00fcvenli\u011fi \u00f6n planda tutuyoruz. Her projede sa\u011flam ve estetik yap\u0131lar in\u015fa ediyoruz.<\/p>\t\t          \t<\/div>\n\t\t          <\/div>\n                                  <\/div>\n              <\/div>\n                            <div class=\"col-lg-4 qrt-service-item\">\n                <div class=\"qrt-icon-box\">\n                                    <img decoding=\"async\" class=\"mb-20\" src=\"https:\/\/Etateam.net\/wp-content\/uploads\/2021\/03\/icon-2.png\" alt=\"Mimarl\u0131k\">\n                  \n                                    <h4 class=\"mb-20 qrt-service-title\">\n                  \t<span >\n\t\t        \t\tMimarl\u0131k\t\t        \t<\/span>\n                  <\/h4>\n                  \n                                    <div class=\"qrt-service-desc\">\n                  \t<div >\n\t\t        \t\t<p>Estetik ve i\u015flevselli\u011fi bir araya getiren \u00f6zg\u00fcn tasar\u0131mlar \u00fcretiyoruz. Konseptten uygulamaya kadar her a\u015famada yan\u0131n\u0131zday\u0131z. Ya\u015fam alanlar\u0131n\u0131 kullan\u0131c\u0131 odakl\u0131 planl\u0131yoruz.<\/p>\t\t          \t<\/div>\n\t\t          <\/div>\n                                  <\/div>\n              <\/div>\n                            <div class=\"col-lg-4 qrt-service-item\">\n                <div class=\"qrt-icon-box\">\n                                    <img decoding=\"async\" class=\"mb-20\" src=\"https:\/\/Etateam.net\/wp-content\/uploads\/2021\/03\/icon-3.png\" alt=\"M\u00fchendislik\">\n                  \n                                    <h4 class=\"mb-20 qrt-service-title\">\n                  \t<span >\n\t\t        \t\tM\u00fchendislik\t\t        \t<\/span>\n                  <\/h4>\n                  \n                                    <div class=\"qrt-service-desc\">\n                  \t<div >\n\t\t        \t\t<p>T\u00fcm projelerde teknik do\u011fruluk ve verimlilik ilkesiyle \u00e7al\u0131\u015f\u0131yoruz. G\u00fcvenli, dayan\u0131kl\u0131 ve ak\u0131lc\u0131 \u00e7\u00f6z\u00fcmler sunuyoruz. M\u00fchendisli\u011fi sadece hesap de\u011fil, vizyon olarak g\u00f6r\u00fcyoruz.<\/p>\t\t          \t<\/div>\n\t\t          <\/div>\n                                  <\/div>\n              <\/div>\n                                        <\/div>\n        <\/div>\n\n\t\t\t\t\t\t<\/div>\n\t\t\t\t<\/div>\n\t\t\t\t\t<\/div>\n\t\t<\/div>\n\t\t\t\t\t<\/div>\n\t\t<\/section>\n\t\t\t\t<section class=\"elementor-section elementor-top-section elementor-element elementor-element-0d96a76 elementor-section-full_width elementor-section-height-default elementor-section-height-default\" data-id=\"0d96a76\" data-element_type=\"section\">\n\t\t\t\t\t\t<div class=\"elementor-container elementor-column-gap-no\">\n\t\t\t\t\t<div class=\"elementor-column elementor-col-100 elementor-top-column elementor-element elementor-element-bd16f0a\" data-id=\"bd16f0a\" data-element_type=\"column\">\n\t\t\t<div class=\"elementor-widget-wrap elementor-element-populated\">\n\t\t\t\t\t\t<div class=\"elementor-element elementor-element-2ae7cd3 elementor-widget elementor-widget-quarty-numbers\" data-id=\"2ae7cd3\" data-element_type=\"widget\" data-widget_type=\"quarty-numbers.default\">\n\t\t\t\t<div class=\"elementor-widget-container\">\n\t\t\t\t\t\n\t\t\t\t<div class=\"qrt-section qrt-section-sf\">\n\t\t\t<div class=\"row\">\n\t          \t          <div class=\"col-lg-3 col-sm-6\">\n\n\t            <div class=\"qrt-counter-frame\">\n\t              <div class=\"qrt-counter-box\">\n\t                <span class=\"qrt-counter\">\n\t                \t<span >\n\t\t        \t\t\t10\t\t        \t\t<\/span>\n\t                <\/span>\n\t                \t\t        \t<span class=\"qrt-counter-plus\">+<\/span>\n\t\t    \t\t\t              <\/div>\n\t              <h5>\n\t              \t<span >\n\t        \t\t\tY\u0131ll\u0131k Tecr\u00fcbe\t        \t\t<\/span>\n\t              <\/h5>\n\t            <\/div>\n\n\t          <\/div>\n\t          \t          <div class=\"col-lg-3 col-sm-6\">\n\n\t            <div class=\"qrt-counter-frame\">\n\t              <div class=\"qrt-counter-box\">\n\t                <span class=\"qrt-counter\">\n\t                \t<span >\n\t\t        \t\t\t143\t\t        \t\t<\/span>\n\t                <\/span>\n\t                \t              <\/div>\n\t              <h5>\n\t              \t<span >\n\t        \t\t\tTamamlanm\u0131\u015f proje\t        \t\t<\/span>\n\t              <\/h5>\n\t            <\/div>\n\n\t          <\/div>\n\t          \t          <div class=\"col-lg-3 col-sm-6\">\n\n\t            <div class=\"qrt-counter-frame\">\n\t              <div class=\"qrt-counter-box\">\n\t                <span class=\"qrt-counter\">\n\t                \t<span >\n\t\t        \t\t\t999\t\t        \t\t<\/span>\n\t                <\/span>\n\t                \t\t        \t<span class=\"qrt-counter-plus\">+<\/span>\n\t\t    \t\t\t              <\/div>\n\t              <h5>\n\t              \t<span >\n\t        \t\t\tMutlu m\u00fc\u015fteri\t        \t\t<\/span>\n\t              <\/h5>\n\t            <\/div>\n\n\t          <\/div>\n\t          \t          <div class=\"col-lg-3 col-sm-6\">\n\n\t            <div class=\"qrt-counter-frame\">\n\t              <div class=\"qrt-counter-box\">\n\t                <span class=\"qrt-counter\">\n\t                \t<span >\n\t\t        \t\t\t20\t\t        \t\t<\/span>\n\t                <\/span>\n\t                \t\t        \t<span class=\"qrt-counter-plus\">+<\/span>\n\t\t    \t\t\t              <\/div>\n\t              <h5>\n\t              \t<span >\n\t        \t\t\tbekleyen proje\t        \t\t<\/span>\n\t              <\/h5>\n\t            <\/div>\n\n\t          <\/div>\n\t          \t        <\/div>\n\t    <\/div>\n\t    \n\t\t\t\t\t\t<\/div>\n\t\t\t\t<\/div>\n\t\t\t\t\t<\/div>\n\t\t<\/div>\n\t\t\t\t\t<\/div>\n\t\t<\/section>\n\t\t\t\t<section class=\"elementor-section elementor-top-section elementor-element elementor-element-b17895d elementor-section-full_width elementor-section-height-default elementor-section-height-default\" data-id=\"b17895d\" data-element_type=\"section\">\n\t\t\t\t\t\t<div class=\"elementor-container elementor-column-gap-no\">\n\t\t\t\t\t<div class=\"elementor-column elementor-col-100 elementor-top-column elementor-element elementor-element-e8dcf40\" data-id=\"e8dcf40\" data-element_type=\"column\">\n\t\t\t<div class=\"elementor-widget-wrap elementor-element-populated\">\n\t\t\t\t\t\t<div class=\"elementor-element elementor-element-1352b69 elementor-widget elementor-widget-quarty-about-us\" data-id=\"1352b69\" data-element_type=\"widget\" data-widget_type=\"quarty-about-us.default\">\n\t\t\t\t<div class=\"elementor-widget-container\">\n\t\t\t\t\t\n\t\t<div class=\"qrt-section\">\n\t\t\t<div class=\"row\">\n\t          \t          <div class=\"col-lg-4\">\n\t            <h3 class=\"qrt-section-title\">\n\t            \t<span >\n\t          \t\t\tVizyon &amp;<br>Misyonumuz\t         \t\t<\/span>\n\t            <\/h3>\n\t          <\/div>\n\t          \t          \t          <div class=\"col-lg-8 qrt-section-description\">\n\t            \t<div >\n\t          \t\t\t<h4>Vizyonumuz<br \/><br \/><\/h4><p>ETA Yap\u0131 olarak vizyonumuz; ya\u015fam\u0131n ritmini yakalayan, s\u00fcrd\u00fcr\u00fclebilirli\u011fi merkezine alan ve estetik de\u011ferlerle i\u015flevselli\u011fi harmanlayan projeler geli\u015ftirerek in\u015faat sekt\u00f6r\u00fcnde b\u00f6lgesel de\u011fil, k\u00fcresel \u00f6l\u00e7ekte bir referans marka haline gelmektir.<\/p><p>Geli\u015fen teknolojilere entegre, \u00e7evre dostu ve kullan\u0131c\u0131 odakl\u0131 yap\u0131lar in\u015fa ederek; sadece bug\u00fcn\u00fcn ihtiya\u00e7lar\u0131na de\u011fil, gelece\u011fin beklentilerine de yan\u0131t veren \u00f6nc\u00fc \u00e7\u00f6z\u00fcmler sunmay\u0131 hedefliyoruz.<\/p><p>Amac\u0131m\u0131z; g\u00fcven veren yap\u0131larla \u015fehirlerin karakterini d\u00f6n\u00fc\u015ft\u00fcrmek, mimariyle insan hayat\u0131 aras\u0131nda kal\u0131c\u0131 ve anlaml\u0131 ba\u011flar kurmakt\u0131r.<br \/><br \/><\/p><h4>Misyonumuz<\/h4><p>ETA Yap\u0131\u2019n\u0131n misyonu; g\u00fcveni, kaliteyi ve s\u00fcrd\u00fcr\u00fclebilirli\u011fi temel alarak, her ayr\u0131nt\u0131s\u0131yla ya\u015fam\u0131 kolayla\u015ft\u0131ran ve de\u011fer katan yap\u0131lar in\u015fa etmektir.<\/p><p>Projelendirme a\u015famas\u0131ndan anahtar teslimine kadar t\u00fcm s\u00fcre\u00e7lerde; teknik m\u00fckemmeliyet, \u015feffaf ileti\u015fim ve kullan\u0131c\u0131 memnuniyetini esas alan bir hizmet anlay\u0131\u015f\u0131yla \u00e7al\u0131\u015f\u0131yoruz.<\/p><p>\u0130nsan odakl\u0131 tasar\u0131mlar\u0131m\u0131zla, sadece binalar de\u011fil; sa\u011fl\u0131kl\u0131, g\u00fcvenli ve estetik ya\u015fam alanlar\u0131 yaratmay\u0131, topluma, \u00e7evreye ve payda\u015flar\u0131m\u0131za kar\u015f\u0131 duyarl\u0131 bir yap\u0131 k\u00fclt\u00fcr\u00fcyle birle\u015ftiriyoruz.<\/p><p>ETA Yap\u0131 olarak, sekt\u00f6rde yaln\u0131zca bir y\u00fcklenici de\u011fil, gelece\u011fi in\u015fa eden stratejik bir \u00e7\u00f6z\u00fcm orta\u011f\u0131 olma sorumlulu\u011funu ta\u015f\u0131yoruz.<\/p>\t         \t\t<\/div>\n\t          <\/div>\n\t          \t        <\/div>\n\t    <\/div>\n\n\t\t\t\t\t\t<\/div>\n\t\t\t\t<\/div>\n\t\t\t\t\t<\/div>\n\t\t<\/div>\n\t\t\t\t\t<\/div>\n\t\t<\/section>\n\t\t\t\t<\/div>\n\t\t","protected":false},"excerpt":{"rendered":"<p>B\u00f6lge T\u00fcrkiye \u015eehir \u0130stanbul Kurulu\u015f May\u0131s, 2012 Hakk\u0131m\u0131zda ETA Yap\u0131, \u00e7a\u011fda\u015f mimarl\u0131kla m\u00fchendisli\u011fi bulu\u015fturarak ya\u015fanabilir ve s\u00fcrd\u00fcr\u00fclebilir kentler in\u015fa etme&#8230; <span class=\"qrt-el-more\"><a href=\"https:\/\/Etateam.net\/?page_id=405\" class=\"qrt-link qrt-color-link qrt-cursor-scale qrt-w-chevron\">Read more<\/a><\/span><\/p>\n","protected":false},"author":1,"featured_media":0,"parent":0,"menu_order":0,"comment_status":"closed","ping_status":"closed","template":"template-layout-builder.php","meta":{"_acf_changed":false,"footnotes":""},"class_list":["post-405","page","type-page","status-publish","hentry"],"acf":[],"_links":{"self":[{"href":"https:\/\/Etateam.net\/index.php?rest_route=\/wp\/v2\/pages\/405","targetHints":{"allow":["GET"]}}],"collection":[{"href":"https:\/\/Etateam.net\/index.php?rest_route=\/wp\/v2\/pages"}],"about":[{"href":"https:\/\/Etateam.net\/index.php?rest_route=\/wp\/v2\/types\/page"}],"author":[{"embeddable":true,"href":"https:\/\/Etateam.net\/index.php?rest_route=\/wp\/v2\/users\/1"}],"replies":[{"embeddable":true,"href":"https:\/\/Etateam.net\/index.php?rest_route=%2Fwp%2Fv2%2Fcomments&post=405"}],"version-history":[{"count":28,"href":"https:\/\/Etateam.net\/index.php?rest_route=\/wp\/v2\/pages\/405\/revisions"}],"predecessor-version":[{"id":2605,"href":"https:\/\/Etateam.net\/index.php?rest_route=\/wp\/v2\/pages\/405\/revisions\/2605"}],"wp:attachment":[{"href":"https:\/\/Etateam.net\/index.php?rest_route=%2Fwp%2Fv2%2Fmedia&parent=405"}],"curies":[{"name":"wp","href":"https:\/\/api.w.org\/{rel}","templated":true}]}}