{"id":561,"date":"2021-02-01T17:24:50","date_gmt":"2021-02-01T17:24:50","guid":{"rendered":"https:\/\/quarty-demo.bslthemes.com\/?page_id=561"},"modified":"2025-06-27T15:30:54","modified_gmt":"2025-06-27T15:30:54","slug":"home-slider","status":"publish","type":"page","link":"https:\/\/Etateam.net\/","title":{"rendered":"Eta Team &#8211; Ana Sayfa"},"content":{"rendered":"\t\t<div data-elementor-type=\"wp-page\" data-elementor-id=\"561\" class=\"elementor elementor-561\">\n\t\t\t\t\t\t<section class=\"elementor-section elementor-top-section elementor-element elementor-element-de55224 elementor-section-full_width elementor-section-height-default elementor-section-height-default\" data-id=\"de55224\" data-element_type=\"section\">\n\t\t\t\t\t\t<div class=\"elementor-container elementor-column-gap-no\">\n\t\t\t\t\t<div class=\"elementor-column elementor-col-100 elementor-top-column elementor-element elementor-element-9deb41a\" data-id=\"9deb41a\" data-element_type=\"column\">\n\t\t\t<div class=\"elementor-widget-wrap elementor-element-populated\">\n\t\t\t\t\t\t<div class=\"elementor-element elementor-element-4780505 elementor-widget elementor-widget-quarty-hero-slider\" data-id=\"4780505\" data-element_type=\"widget\" data-widget_type=\"quarty-hero-slider.default\">\n\t\t\t\t<div class=\"elementor-widget-container\">\n\t\t\t\t\t\n\t\t\t\t<div class=\"qrt-body\">\n\t\t<div class=\"swiper-container qrt-main-slider\">\n        \t<div class=\"qrt-slider-pagination\">\n        \t\t<div class=\"swiper-pagination swiper-main-pagination\"><\/div>\n        \t<\/div>\n        \t<div class=\"qrt-slider-navigation qrt-absolute\">\n            \t<div class=\"qrt-slider-nav-btn qrt-main-prev qrt-cursor-scale qrt-cursor-color\">\n            \t\t<i class=\"fas fa-arrow-left\"><\/i>\n            \t\t<span>prev<\/span>\n            \t<\/div>\n        \t\t<div class=\"qrt-slider-nav-btn qrt-main-next qrt-cursor-scale qrt-cursor-color\">\n        \t\t\t<span>next<\/span>\n        \t\t\t<i class=\"fas fa-arrow-right\"><\/i>\n        \t\t<\/div>\n        \t<\/div>\n        \t<div class=\"swiper-wrapper\">\n                        <div class=\"swiper-slide\">\n              \t<div class=\"qrt-project-cover\">\n\n                \t<div class=\"qrt-image-frame\">\n                  \t\t                  \t\t\t                  \t\t\t<img decoding=\"async\" src=\"https:\/\/Etateam.net\/wp-content\/uploads\/2025\/06\/363f6b19-d448-4bc9-9c89-94fbab24b8d3.png\" data-swiper-parallax=\"400\" data-swiper-parallax-scale=\"1.4\" alt=\"\">\n                  \t\t\t\t\t\t\t\t\t\t\t\t\t\t\t\t\t\t\t\t\t                \t<\/div>\n\n\n                \t<div class=\"qrt-overlay\">\n                  \t\t<div class=\"qrt-parallax-fix\" data-swiper-parallax-x=\"-400\" data-swiper-parallax-duration=\"1000\">\n                    \t\t<div class=\"qrt-banner-title\">\n\t\t                    \t\t\t                    \t<h1 class=\"qrt-white qrt-mb-30 title--h1\">\n\t\t                    \t\t<span >\n\t\t\t\t\t\t\t\t\t\tGelece\u011fi Bug\u00fcnden \u0130n\u015fa Ediyoruz\t\t\t\t\t\t\t\t\t<\/span>\n\t\t                    \t<\/h1>\n\t\t                    \t<div class=\"qrt-divider-2\"><\/div>\n\t\t                    \t\t\t                    \t\t\t                    \t<div class=\"qrt-text qrt-white qrt-mb-20\">\n\t\t                    \t\t<span >\n\t\t\t\t\t\t\t\t\t\tETA Team olarak sadece binalar de\u011fil; de\u011fer, g\u00fcven ve s\u00fcrd\u00fcr\u00fclebilir ya\u015fam alanlar\u0131 in\u015fa ediyoruz. Gelece\u011fi bug\u00fcnden tasarl\u0131yor, yar\u0131nlara iz b\u0131rak\u0131yoruz.\t\t\t\t\t\t\t\t\t<\/span>\n\t\t                    \t<\/div>\n\t\t                    \t\t\t                     \t\t\t                     \t<a href=\"\/quarty\/about-us\/\" class=\"qrt-btn qrt-btn-md qrt-btn-color qrt-cursor-scale qrt-anima-link qrt-mb-20\">\n\t\t                     \t\t<span >\n\t\t\t\t\t\t\t\t\t\tHakk\u0131m\u0131zda\t\t\t\t\t\t\t\t\t<\/span>\n\t\t                     \t\t<i class=\"fas fa-arrow-right\"><\/i>\n\t\t                     \t<\/a>\n\t\t                     \t\t\t                    \t\t\t                    \t<a href=\"\/quarty\/contact\/\" class=\"qrt-btn qrt-btn-md qrt-btn-border qrt-cursor-scale qrt-anima-link qrt-mb-20\">\n\t\t                    \t\t<span >\n\t\t\t\t\t\t\t\t\t\t\u0130leti\u015fim\t\t\t\t\t\t\t\t\t<\/span>\n\t\t                    \t\t<i class=\"fas fa-arrow-right\"><\/i>\n\t\t                    \t<\/a>\n\t\t                    \t                \t\t\t<\/div>\n                \t\t<\/div>\n                \t<\/div>\n            \t<\/div>\n            <\/div>\n                        <div class=\"swiper-slide\">\n              \t<div class=\"qrt-project-cover\">\n\n                \t<div class=\"qrt-image-frame\">\n                  \t\t                  \t\t\t                  \t\t\t<img decoding=\"async\" src=\"https:\/\/Etateam.net\/wp-content\/uploads\/2025\/06\/8d861086-1636-4e45-920f-dec5840719ba.png\" data-swiper-parallax=\"400\" data-swiper-parallax-scale=\"1.4\" alt=\"\">\n                  \t\t\t\t\t\t\t\t\t\t\t\t\t\t\t\t\t\t\t\t\t                \t<\/div>\n\n\n                \t<div class=\"qrt-overlay\">\n                  \t\t<div class=\"qrt-parallax-fix\" data-swiper-parallax-x=\"-400\" data-swiper-parallax-duration=\"1000\">\n                    \t\t<div class=\"qrt-banner-title\">\n\t\t                    \t\t\t                    \t<h1 class=\"qrt-white qrt-mb-30 title--h1\">\n\t\t                    \t\t<span >\n\t\t\t\t\t\t\t\t\t\tProjelerinize G\u00fc\u00e7 Katacak<br>\u0130\u015f Ortaklar\u0131 Ar\u0131yorsan\u0131z\u2026\t\t\t\t\t\t\t\t\t<\/span>\n\t\t                    \t<\/h1>\n\t\t                    \t<div class=\"qrt-divider-2\"><\/div>\n\t\t                    \t\t\t                    \t\t\t                    \t<div class=\"qrt-text qrt-white qrt-mb-20\">\n\t\t                    \t\t<span >\n\t\t\t\t\t\t\t\t\t\t\u0130n\u015faat, gayrimenkul geli\u015ftirme, mimarl\u0131k, ta\u015feronluk veya proje bazl\u0131 i\u015f birlikleri i\u00e7in bizimle ileti\u015fime ge\u00e7in. ETA Team olarak bir\u00e7ok alanda g\u00fcvene dayal\u0131 ve s\u00fcrd\u00fcr\u00fclebilir \u00e7\u00f6z\u00fcmler sunuyoruz.\t\t\t\t\t\t\t\t\t<\/span>\n\t\t                    \t<\/div>\n\t\t                    \t\t\t                     \t\t\t                     \t<a href=\"\/quarty\/about-us\/\" class=\"qrt-btn qrt-btn-md qrt-btn-color qrt-cursor-scale qrt-anima-link qrt-mb-20\">\n\t\t                     \t\t<span >\n\t\t\t\t\t\t\t\t\t\tExplore now\t\t\t\t\t\t\t\t\t<\/span>\n\t\t                     \t\t<i class=\"fas fa-arrow-right\"><\/i>\n\t\t                     \t<\/a>\n\t\t                     \t\t\t                    \t\t\t                    \t<a href=\"\/quarty\/contact\/\" class=\"qrt-btn qrt-btn-md qrt-btn-border qrt-cursor-scale qrt-anima-link qrt-mb-20\">\n\t\t                    \t\t<span >\n\t\t\t\t\t\t\t\t\t\tContact\t\t\t\t\t\t\t\t\t<\/span>\n\t\t                    \t\t<i class=\"fas fa-arrow-right\"><\/i>\n\t\t                    \t<\/a>\n\t\t                    \t                \t\t\t<\/div>\n                \t\t<\/div>\n                \t<\/div>\n            \t<\/div>\n            <\/div>\n                        <div class=\"swiper-slide\">\n              \t<div class=\"qrt-project-cover\">\n\n                \t<div class=\"qrt-image-frame\">\n                  \t\t                  \t\t\t                  \t\t\t<img decoding=\"async\" src=\"https:\/\/Etateam.net\/wp-content\/uploads\/2025\/06\/64d0a516-c968-4d2e-a2d0-ac65e84e9485-1.png\" data-swiper-parallax=\"400\" data-swiper-parallax-scale=\"1.4\" alt=\"\">\n                  \t\t\t\t\t\t\t\t\t\t\t\t\t\t\t\t\t\t\t\t\t                \t<\/div>\n\n\n                \t<div class=\"qrt-overlay\">\n                  \t\t<div class=\"qrt-parallax-fix\" data-swiper-parallax-x=\"-400\" data-swiper-parallax-duration=\"1000\">\n                    \t\t<div class=\"qrt-banner-title\">\n\t\t                    \t\t\t                    \t<h1 class=\"qrt-white qrt-mb-30 title--h1\">\n\t\t                    \t\t<span >\n\t\t\t\t\t\t\t\t\t\tSitemiz <br>\nYenileniyor\t\t\t\t\t\t\t\t\t<\/span>\n\t\t                    \t<\/h1>\n\t\t                    \t<div class=\"qrt-divider-2\"><\/div>\n\t\t                    \t\t\t                    \t\t\t                    \t<div class=\"qrt-text qrt-white qrt-mb-20\">\n\t\t                    \t\t<span >\n\t\t\t\t\t\t\t\t\t\tDaha etkili, h\u0131zl\u0131 ve kolay bir etkile\u015fim sa\u011flayabilmek i\u00e7in web sitemizin baz\u0131 b\u00f6l\u00fcmlerini yeniliyoruz. Sizin i\u00e7in en iyi deneyimi sunmak amac\u0131yla \u00e7al\u0131\u015fmalar\u0131m\u0131za aral\u0131ks\u0131z devam ediyoruz.\n\n\n\n\n\n\n\n\n\t\t\t\t\t\t\t\t\t<\/span>\n\t\t                    \t<\/div>\n\t\t                    \t\t\t                     \t\t\t                     \t<a href=\"\/quarty\/about-us\/\" class=\"qrt-btn qrt-btn-md qrt-btn-color qrt-cursor-scale qrt-anima-link qrt-mb-20\">\n\t\t                     \t\t<span >\n\t\t\t\t\t\t\t\t\t\tExplore now\t\t\t\t\t\t\t\t\t<\/span>\n\t\t                     \t\t<i class=\"fas fa-arrow-right\"><\/i>\n\t\t                     \t<\/a>\n\t\t                     \t\t\t                    \t\t\t                    \t<a href=\"\/quarty\/contact\/\" class=\"qrt-btn qrt-btn-md qrt-btn-border qrt-cursor-scale qrt-anima-link qrt-mb-20\">\n\t\t                    \t\t<span >\n\t\t\t\t\t\t\t\t\t\tContact\t\t\t\t\t\t\t\t\t<\/span>\n\t\t                    \t\t<i class=\"fas fa-arrow-right\"><\/i>\n\t\t                    \t<\/a>\n\t\t                    \t                \t\t\t<\/div>\n                \t\t<\/div>\n                \t<\/div>\n            \t<\/div>\n            <\/div>\n            \n          \t<\/div>\n        <\/div>\n    \t<\/div>\n        \n\t\t\t\t\t\t<\/div>\n\t\t\t\t<\/div>\n\t\t\t\t\t<\/div>\n\t\t<\/div>\n\t\t\t\t\t<\/div>\n\t\t<\/section>\n\t\t\t\t<\/div>\n\t\t","protected":false},"excerpt":{"rendered":"<p>prev next Gelece\u011fi Bug\u00fcnden \u0130n\u015fa Ediyoruz ETA Team olarak sadece binalar de\u011fil; de\u011fer, g\u00fcven ve s\u00fcrd\u00fcr\u00fclebilir ya\u015fam alanlar\u0131 in\u015fa ediyoruz&#8230;. <span class=\"qrt-el-more\"><a href=\"https:\/\/Etateam.net\/\" class=\"qrt-link qrt-color-link qrt-cursor-scale qrt-w-chevron\">Read more<\/a><\/span><\/p>\n","protected":false},"author":1,"featured_media":0,"parent":0,"menu_order":0,"comment_status":"closed","ping_status":"closed","template":"template-layout-builder.php","meta":{"_acf_changed":false,"footnotes":""},"class_list":["post-561","page","type-page","status-publish","hentry"],"acf":[],"_links":{"self":[{"href":"https:\/\/Etateam.net\/index.php?rest_route=\/wp\/v2\/pages\/561","targetHints":{"allow":["GET"]}}],"collection":[{"href":"https:\/\/Etateam.net\/index.php?rest_route=\/wp\/v2\/pages"}],"about":[{"href":"https:\/\/Etateam.net\/index.php?rest_route=\/wp\/v2\/types\/page"}],"author":[{"embeddable":true,"href":"https:\/\/Etateam.net\/index.php?rest_route=\/wp\/v2\/users\/1"}],"replies":[{"embeddable":true,"href":"https:\/\/Etateam.net\/index.php?rest_route=%2Fwp%2Fv2%2Fcomments&post=561"}],"version-history":[{"count":19,"href":"https:\/\/Etateam.net\/index.php?rest_route=\/wp\/v2\/pages\/561\/revisions"}],"predecessor-version":[{"id":2640,"href":"https:\/\/Etateam.net\/index.php?rest_route=\/wp\/v2\/pages\/561\/revisions\/2640"}],"wp:attachment":[{"href":"https:\/\/Etateam.net\/index.php?rest_route=%2Fwp%2Fv2%2Fmedia&parent=561"}],"curies":[{"name":"wp","href":"https:\/\/api.w.org\/{rel}","templated":true}]}}